{"id":2100,"date":"2020-02-26T11:15:15","date_gmt":"2020-02-26T11:15:15","guid":{"rendered":"https:\/\/arogicenter.gr\/?page_id=2100"},"modified":"2020-02-26T11:15:15","modified_gmt":"2020-02-26T11:15:15","slug":"necessary-supporting-documents-for-medical-day-care-rehabilitation","status":"publish","type":"page","link":"https:\/\/arogicenter.gr\/en\/necessary-supporting-documents-for-medical-day-care-rehabilitation\/","title":{"rendered":"NECESSARY SUPPORTING DOCUMENTS FOR OUTPATIENT CARE REHABILITATION UNIT"},"content":{"rendered":"\n<p><strong>A. ELECTRONIC MEDICAL REPORT FOR PATIENTS IN CENTERS FOR RESPIRATORY FAILURE &#8211; DAY CARE<\/strong><\/p>\n\n\n\n<p>The electronic medical report is filled in by the attending physician whose specialization is relevant to the condition. The attending physician fills in the electronic medical report by following the path below:<em> www.eopyy.gov.grhealth\u00f0health provider\u00f0report for benefits under Single Regulation on Health Benefits\u00f0addition of personal access codes &gt; management &gt; report of Centers for Respiratory Failure &gt; registration of report information &gt; save &gt; print<\/em><\/p>\n\n\n\n<p><strong>B.\nAT THE REHABILITATION CENTER YOU MUST PRESENT:<\/strong><\/p>\n\n\n\n<ol class=\"wp-block-list\"><li><strong>An electronic medical\nreport signed and sealed by the Attending Physician; if it is a Hospital\nreferral the report must also bear the Hospital\u2019s round stamp. Additionally,\nthe electronic medical report must bear a signature, stamp and authorization\ndate by the Supervisory doctor with the Greek National Health Service\nOrganization<\/strong><\/li><li><strong>A discharge note issued by\nthe Hospital or the Private clinic (if following hospitalization)<\/strong><\/li><li><strong>An information note,\nrecent laboratory tests -ECG-, a postoperative X-ray (if applicable) &#8211; a brain\nCT\/MRI<\/strong><\/li><li><strong>Identity card or passport<\/strong><\/li><\/ol>\n","protected":false},"excerpt":{"rendered":"<p>A. ELECTRONIC MEDICAL REPORT FOR PATIENTS IN CENTERS FOR RESPIRATORY FAILURE &#8211; DAY CARE The [&hellip;]<\/p>\n","protected":false},"author":12,"featured_media":0,"parent":0,"menu_order":0,"comment_status":"closed","ping_status":"closed","template":"page.php","meta":{"_acf_changed":false,"_uag_custom_page_level_css":"","_coblocks_attr":"","_coblocks_dimensions":"","_coblocks_responsive_height":"","_coblocks_accordion_ie_support":"","site-sidebar-layout":"default","site-content-layout":"","ast-site-content-layout":"default","site-content-style":"default","site-sidebar-style":"default","ast-global-header-display":"","ast-banner-title-visibility":"","ast-main-header-display":"","ast-hfb-above-header-display":"","ast-hfb-below-header-display":"","ast-hfb-mobile-header-display":"","site-post-title":"","ast-breadcrumbs-content":"","ast-featured-img":"","footer-sml-layout":"","theme-transparent-header-meta":"","adv-header-id-meta":"","stick-header-meta":"","header-above-stick-meta":"","header-main-stick-meta":"","header-below-stick-meta":"","astra-migrate-meta-layouts":"default","ast-page-background-enabled":"default","ast-page-background-meta":{"desktop":{"background-color":"var(--ast-global-color-5)","background-image":"","background-repeat":"repeat","background-position":"center center","background-size":"auto","background-attachment":"scroll","background-type":"","background-media":"","overlay-type":"","overlay-color":"","overlay-opacity":"","overlay-gradient":""},"tablet":{"background-color":"","background-image":"","background-repeat":"repeat","background-position":"center center","background-size":"auto","background-attachment":"scroll","background-type":"","background-media":"","overlay-type":"","overlay-color":"","overlay-opacity":"","overlay-gradient":""},"mobile":{"background-color":"","background-image":"","background-repeat":"repeat","background-position":"center center","background-size":"auto","background-attachment":"scroll","background-type":"","background-media":"","overlay-type":"","overlay-color":"","overlay-opacity":"","overlay-gradient":""}},"ast-content-background-meta":{"desktop":{"background-color":"var(--ast-global-color-4)","background-image":"","background-repeat":"repeat","background-position":"center center","background-size":"auto","background-attachment":"scroll","background-type":"","background-media":"","overlay-type":"","overlay-color":"","overlay-opacity":"","overlay-gradient":""},"tablet":{"background-color":"var(--ast-global-color-4)","background-image":"","background-repeat":"repeat","background-position":"center center","background-size":"auto","background-attachment":"scroll","background-type":"","background-media":"","overlay-type":"","overlay-color":"","overlay-opacity":"","overlay-gradient":""},"mobile":{"background-color":"var(--ast-global-color-4)","background-image":"","background-repeat":"repeat","background-position":"center center","background-size":"auto","background-attachment":"scroll","background-type":"","background-media":"","overlay-type":"","overlay-color":"","overlay-opacity":"","overlay-gradient":""}},"footnotes":""},"class_list":["post-2100","page","type-page","status-publish","hentry"],"acf":[],"spectra_custom_meta":{"rank_math_internal_links_processed":["1","1"],"ACTWP_fieldnames":["a:24:{i:0;s:13:\"slider_status\";i:1;s:12:\"slider_title\";i:2;s:15:\"slider_subtitle\";i:3;s:13:\"text_A_status\";i:4;s:11:\"text_A_text\";i:5;s:17:\"text_A_background\";i:6;s:12:\"text_A_color\";i:7;s:16:\"content_A_status\";i:8;s:20:\"content_A_background\";i:9;s:15:\"content_A_color\";i:10;s:15:\"photos_A_status\";i:11;s:15:\"photos_A_image1\";i:12;s:15:\"photos_A_image2\";i:13;s:15:\"photos_A_image3\";i:14;s:15:\"photos_A_image4\";i:15;s:17:\"schedule_A_status\";i:16;s:17:\"schedule_A_button\";i:17;s:15:\"schedule_A_link\";i:18;s:17:\"schedule_B_status\";i:19;s:16:\"schedule_B_title\";i:20;s:15:\"schedule_B_wres\";i:21;s:17:\"schedule_B_button\";i:22;s:15:\"schedule_B_link\";i:23;s:14:\"schedule_B_tel\";}"],"slider_status":["1"],"slider_title":[""],"slider_subtitle":[""],"text_A_status":["0"],"text_A_text":[""],"text_A_background":["#CEE8EB"],"text_A_color":["#999999"],"content_A_status":["1"],"content_A_background":["#e8e8e8"],"content_A_color":["#999999"],"photos_A_status":["0"],"photos_A_image1":["https:\/\/arogicenter.gr\/wp-content\/themes\/actwp\/img\/img.png"],"photos_A_image2":["https:\/\/arogicenter.gr\/wp-content\/themes\/actwp\/img\/img.png"],"photos_A_image3":["https:\/\/arogicenter.gr\/wp-content\/themes\/actwp\/img\/img.png"],"photos_A_image4":["https:\/\/arogicenter.gr\/wp-content\/themes\/actwp\/img\/img.png"],"schedule_A_status":["0"],"schedule_A_button":[""],"schedule_A_link":[""],"schedule_B_status":["0"],"schedule_B_title":[""],"schedule_B_wres":[""],"schedule_B_button":[""],"schedule_B_link":[""],"schedule_B_tel":["page"],"_wp_page_template":["page.php"],"_edit_last":["16"],"DEBUG":["publish_post"],"copied_media_ids":["a:0:{}"],"referenced_media_ids":["a:0:{}"],"astra_style_timestamp_css":["1778169998"],"_uag_page_assets":["a:9:{s:3:\"css\";s:7351:\".uag-blocks-common-selector{z-index:var(--z-index-desktop) !important}@media (max-width: 976px){.uag-blocks-common-selector{z-index:var(--z-index-tablet) !important}}@media (max-width: 767px){.uag-blocks-common-selector{z-index:var(--z-index-mobile) !important}}\n.uagb-tax-not-available{padding:10px;border:1px solid;text-align:center}.uagb-layout-list .uagb-list-wrap{margin-left:10px}.uagb-taxonomy__outer-wrap{margin-bottom:20px}ul.uagb-taxonomy-list-children{margin-bottom:0}.uagb-tax-link h1,.uagb-tax-link h2,.uagb-tax-link h3,.uagb-tax-link h4,.uagb-tax-link h5,.uagb-tax-link h6{margin-top:unset}\n.uagb-block-cf892811.uagb-taxonomy__outer-wrap.uagb-layout-grid{display: grid;grid-template-columns: repeat(3, 1fr);grid-column-gap: 20px;grid-row-gap: 20px;}.uagb-block-cf892811.uagb-layout-grid .uagb-taxomony-box{padding-left: 20px;padding-right: 20px;padding-top: 20px;padding-bottom: 20px;grid-column-gap: 20px;background-color: #f5f5f5;text-align: center;box-shadow: 0px 0px   #00000070 ;}.uagb-block-cf892811.uagb-layout-grid .uagb-tax-title{letter-spacing: 0px;color: #3b3b3b;margin-bottom: 5px;}.uagb-block-cf892811.uagb-layout-grid .uagb-tax-link{color: #777777;}.uagb-block-cf892811.uagb-layout-list .uagb-tax-list{list-style: disc;color: #3b3b3b;}.uagb-block-cf892811.uagb-layout-list .uagb-tax-list:hover{color: #3b3b3b;}.uagb-block-cf892811.uagb-layout-list .uagb-tax-link-wrap:hover{color: #3b3b3b;}.uagb-block-cf892811.uagb-layout-list .uagb-tax-list a.uagb-tax-link{color: #3b3b3b;}.uagb-block-cf892811.uagb-layout-list .uagb-tax-list a.uagb-tax-link:hover{color: #3b3b3b;}.uagb-block-cf892811.uagb-layout-list .uagb-tax-list .uagb-tax-link-wrap{margin-bottom: 10px;}.uagb-block-cf892811 .uagb-taxonomy-wrap.uagb-layout-grid{display: grid;grid-template-columns: repeat(3, 1fr);grid-column-gap: 20px;grid-row-gap: 20px;}.uagb-block-cf892811 .uagb-layout-grid .uagb-taxomony-box{padding-left: 20px;padding-right: 20px;padding-top: 20px;padding-bottom: 20px;grid-column-gap: 20px;background-color: #f5f5f5;text-align: center;box-shadow: 0px 0px   #00000070 ;}.uagb-block-cf892811 .uagb-layout-grid .uagb-tax-title{letter-spacing: 0px;color: #3b3b3b;margin-bottom: 5px;}.uagb-block-cf892811 .uagb-layout-grid .uagb-tax-link{color: #777777;}.uagb-block-cf892811 .uagb-layout-list .uagb-tax-list{list-style: disc;color: #3b3b3b;}.uagb-block-cf892811 .uagb-layout-list .uagb-tax-list:hover{color: #3b3b3b;}.uagb-block-cf892811 .uagb-layout-list .uagb-tax-list a.uagb-tax-link{color: #3b3b3b;}.uagb-block-cf892811 .uagb-layout-list .uagb-tax-list a.uagb-tax-link:hover{color: #3b3b3b;}.uagb-block-cf892811 .uagb-layout-list .uagb-tax-list .uagb-tax-link-wrap{margin-bottom: 10px;}.uagb-block-cf892811.uagb-layout-list .uagb-tax-separator:hover{border-top-color: #b2b4b5;}.uagb-block-cf892811 .uagb-taxomony-box{border-top-width: 1px;border-left-width: 1px;border-right-width: 1px;border-bottom-width: 1px;border-top-left-radius: 3px;border-top-right-radius: 3px;border-bottom-left-radius: 3px;border-bottom-right-radius: 3px;border-color: #E0E0E0;border-style: solid;}.uagb-block-cf892811 .uagb-taxomony-box:hover{border-color: #E0E0E0;}@media only screen and (max-width: 976px) {.uagb-block-cf892811.uagb-taxonomy-wrap.uagb-layout-grid{grid-template-columns: repeat(2, 1fr);}.uagb-block-cf892811.uagb-taxonomy__outer-wrap.uagb-layout-grid{grid-template-columns: repeat(2, 1fr);}.uagb-block-cf892811.uagb-layout-grid .uagb-taxomony-box{padding-left: 15px;padding-right: 15px;padding-top: 15px;padding-bottom: 15px;}.uagb-block-cf892811 .uagb-taxomony-box{border-style: solid;border-color: #E0E0E0;}}@media only screen and (max-width: 767px) {.uagb-block-cf892811.uagb-taxonomy__outer-wrap.uagb-layout-grid{grid-template-columns: repeat(1, 1fr);}.uagb-block-cf892811.uagb-layout-grid .uagb-taxomony-box{padding-left: 15px;padding-right: 15px;padding-top: 15px;padding-bottom: 15px;}.uagb-block-cf892811 .uagb-taxomony-box{border-style: solid;border-color: #E0E0E0;}}.uagb-block-03a93aa4.uagb-taxonomy__outer-wrap.uagb-layout-grid{display: grid;grid-template-columns: repeat(3, 1fr);grid-column-gap: 20px;grid-row-gap: 20px;}.uagb-block-03a93aa4.uagb-layout-grid .uagb-taxomony-box{padding-left: 20px;padding-right: 20px;padding-top: 20px;padding-bottom: 20px;grid-column-gap: 20px;background-color: #f5f5f5;text-align: center;box-shadow: 0px 0px   #00000070 ;}.uagb-block-03a93aa4.uagb-layout-grid .uagb-tax-title{letter-spacing: 0px;color: #3b3b3b;margin-bottom: 5px;}.uagb-block-03a93aa4.uagb-layout-grid .uagb-tax-link{color: #777777;}.uagb-block-03a93aa4.uagb-layout-list .uagb-tax-list{list-style: disc;color: #3b3b3b;}.uagb-block-03a93aa4.uagb-layout-list .uagb-tax-list:hover{color: #3b3b3b;}.uagb-block-03a93aa4.uagb-layout-list .uagb-tax-link-wrap:hover{color: #3b3b3b;}.uagb-block-03a93aa4.uagb-layout-list .uagb-tax-list a.uagb-tax-link{color: #3b3b3b;}.uagb-block-03a93aa4.uagb-layout-list .uagb-tax-list a.uagb-tax-link:hover{color: #3b3b3b;}.uagb-block-03a93aa4.uagb-layout-list .uagb-tax-list .uagb-tax-link-wrap{margin-bottom: 10px;}.uagb-block-03a93aa4 .uagb-taxonomy-wrap.uagb-layout-grid{display: grid;grid-template-columns: repeat(3, 1fr);grid-column-gap: 20px;grid-row-gap: 20px;}.uagb-block-03a93aa4 .uagb-layout-grid .uagb-taxomony-box{padding-left: 20px;padding-right: 20px;padding-top: 20px;padding-bottom: 20px;grid-column-gap: 20px;background-color: #f5f5f5;text-align: center;box-shadow: 0px 0px   #00000070 ;}.uagb-block-03a93aa4 .uagb-layout-grid .uagb-tax-title{letter-spacing: 0px;color: #3b3b3b;margin-bottom: 5px;}.uagb-block-03a93aa4 .uagb-layout-grid .uagb-tax-link{color: #777777;}.uagb-block-03a93aa4 .uagb-layout-list .uagb-tax-list{list-style: disc;color: #3b3b3b;}.uagb-block-03a93aa4 .uagb-layout-list .uagb-tax-list:hover{color: #3b3b3b;}.uagb-block-03a93aa4 .uagb-layout-list .uagb-tax-list a.uagb-tax-link{color: #3b3b3b;}.uagb-block-03a93aa4 .uagb-layout-list .uagb-tax-list a.uagb-tax-link:hover{color: #3b3b3b;}.uagb-block-03a93aa4 .uagb-layout-list .uagb-tax-list .uagb-tax-link-wrap{margin-bottom: 10px;}.uagb-block-03a93aa4.uagb-layout-list .uagb-tax-separator:hover{border-top-color: #b2b4b5;}.uagb-block-03a93aa4 .uagb-taxomony-box{border-top-width: 1px;border-left-width: 1px;border-right-width: 1px;border-bottom-width: 1px;border-top-left-radius: 3px;border-top-right-radius: 3px;border-bottom-left-radius: 3px;border-bottom-right-radius: 3px;border-color: #E0E0E0;border-style: solid;}.uagb-block-03a93aa4 .uagb-taxomony-box:hover{border-color: #E0E0E0;}@media only screen and (max-width: 976px) {.uagb-block-03a93aa4.uagb-taxonomy-wrap.uagb-layout-grid{grid-template-columns: repeat(2, 1fr);}.uagb-block-03a93aa4.uagb-taxonomy__outer-wrap.uagb-layout-grid{grid-template-columns: repeat(2, 1fr);}.uagb-block-03a93aa4.uagb-layout-grid .uagb-taxomony-box{padding-left: 15px;padding-right: 15px;padding-top: 15px;padding-bottom: 15px;}.uagb-block-03a93aa4 .uagb-taxomony-box{border-style: solid;border-color: #E0E0E0;}}@media only screen and (max-width: 767px) {.uagb-block-03a93aa4.uagb-taxonomy__outer-wrap.uagb-layout-grid{grid-template-columns: repeat(1, 1fr);}.uagb-block-03a93aa4.uagb-layout-grid .uagb-taxomony-box{padding-left: 15px;padding-right: 15px;padding-top: 15px;padding-bottom: 15px;}.uagb-block-03a93aa4 .uagb-taxomony-box{border-style: solid;border-color: #E0E0E0;}}\";s:2:\"js\";s:0:\"\";s:18:\"current_block_list\";a:14:{i:0;s:14:\"core\/paragraph\";i:1;s:9:\"core\/list\";i:2;s:11:\"core\/search\";i:3;s:10:\"core\/group\";i:4;s:12:\"core\/heading\";i:5;s:17:\"core\/latest-posts\";i:6;s:20:\"core\/latest-comments\";i:7;s:13:\"core\/archives\";i:8;s:15:\"core\/categories\";i:9;s:22:\"wpml\/language-switcher\";i:10;s:14:\"core\/shortcode\";i:11;s:21:\"mailchimp-for-wp\/form\";i:13;s:12:\"core\/details\";i:14;s:18:\"uagb\/taxonomy-list\";}s:8:\"uag_flag\";b:1;s:11:\"uag_version\";s:10:\"1778169995\";s:6:\"gfonts\";a:0:{}s:10:\"gfonts_url\";s:0:\"\";s:12:\"gfonts_files\";a:0:{}s:14:\"uag_faq_layout\";b:0;}"],"_elementor_page_assets":["a:0:{}"],"_uag_css_file_name":["uag-css-2100.css"]},"uagb_featured_image_src":{"full":false,"thumbnail":false,"medium":false,"medium_large":false,"large":false,"1536x1536":false,"2048x2048":false},"uagb_author_info":{"display_name":"m_makris","author_link":"https:\/\/arogicenter.gr\/en\/author\/m_makris\/"},"uagb_comment_info":0,"uagb_excerpt":"A. ELECTRONIC MEDICAL REPORT FOR PATIENTS IN CENTERS FOR RESPIRATORY FAILURE &#8211; DAY CARE The [&hellip;]","_links":{"self":[{"href":"https:\/\/arogicenter.gr\/en\/wp-json\/wp\/v2\/pages\/2100","targetHints":{"allow":["GET"]}}],"collection":[{"href":"https:\/\/arogicenter.gr\/en\/wp-json\/wp\/v2\/pages"}],"about":[{"href":"https:\/\/arogicenter.gr\/en\/wp-json\/wp\/v2\/types\/page"}],"author":[{"embeddable":true,"href":"https:\/\/arogicenter.gr\/en\/wp-json\/wp\/v2\/users\/12"}],"replies":[{"embeddable":true,"href":"https:\/\/arogicenter.gr\/en\/wp-json\/wp\/v2\/comments?post=2100"}],"version-history":[{"count":0,"href":"https:\/\/arogicenter.gr\/en\/wp-json\/wp\/v2\/pages\/2100\/revisions"}],"wp:attachment":[{"href":"https:\/\/arogicenter.gr\/en\/wp-json\/wp\/v2\/media?parent=2100"}],"curies":[{"name":"wp","href":"https:\/\/api.w.org\/{rel}","templated":true}]}}